{"id":20,"date":"2022-03-16T13:53:59","date_gmt":"2022-03-16T13:53:59","guid":{"rendered":"https:\/\/www.dvorekujanosiku.cz\/?page_id=20"},"modified":"2026-01-28T19:42:01","modified_gmt":"2026-01-28T19:42:01","slug":"podrobnosti-o-projektu","status":"publish","type":"page","link":"https:\/\/www.dvorekujanosiku.cz\/?page_id=20","title":{"rendered":"Galerie Fotek"},"content":{"rendered":"\n<div class=\"wp-block-cover alignfull\" style=\"min-height:320px;aspect-ratio:unset;\"><span aria-hidden=\"true\" class=\"wp-block-cover__background has-nv-site-bg-background-color has-background-dim-100 has-background-dim\"><\/span><div class=\"wp-block-cover__inner-container is-layout-flow wp-block-cover-is-layout-flow\">\n<div class=\"wp-block-group\"><div class=\"wp-block-group__inner-container is-layout-flow wp-block-group-is-layout-flow\">\n<div class=\"wp-block-columns are-vertically-aligned-center is-layout-flex wp-container-core-columns-is-layout-9d6595d7 wp-block-columns-is-layout-flex\">\n<div class=\"wp-block-column is-vertically-aligned-center is-layout-flow wp-block-column-is-layout-flow\" style=\"flex-basis:70%\">\n<figure class=\"wp-block-image size-large\"><img loading=\"lazy\" decoding=\"async\" width=\"684\" height=\"1024\" src=\"https:\/\/www.dvorekujanosiku.cz\/wp-content\/uploads\/2026\/01\/IMG_0980-684x1024.jpeg\" alt=\"\" class=\"wp-image-1151\" srcset=\"https:\/\/www.dvorekujanosiku.cz\/wp-content\/uploads\/2026\/01\/IMG_0980-684x1024.jpeg 684w, https:\/\/www.dvorekujanosiku.cz\/wp-content\/uploads\/2026\/01\/IMG_0980-200x300.jpeg 200w, https:\/\/www.dvorekujanosiku.cz\/wp-content\/uploads\/2026\/01\/IMG_0980-768x1150.jpeg 768w, https:\/\/www.dvorekujanosiku.cz\/wp-content\/uploads\/2026\/01\/IMG_0980-1025x1536.jpeg 1025w, https:\/\/www.dvorekujanosiku.cz\/wp-content\/uploads\/2026\/01\/IMG_0980-1367x2048.jpeg 1367w, https:\/\/www.dvorekujanosiku.cz\/wp-content\/uploads\/2026\/01\/IMG_0980-scaled.jpeg 1709w\" sizes=\"auto, (max-width: 684px) 100vw, 684px\" \/><\/figure>\n<\/div>\n\n\n\n<div class=\"wp-block-column is-vertically-aligned-center is-layout-flow wp-block-column-is-layout-flow\" style=\"flex-basis:30%\"><\/div>\n<\/div>\n<\/div><\/div>\n\n\n\n<figure class=\"wp-block-gallery has-nested-images columns-default is-cropped wp-block-gallery-1 is-layout-flex wp-block-gallery-is-layout-flex\">\n<figure class=\"wp-block-image size-full\"><img loading=\"lazy\" decoding=\"async\" width=\"1709\" height=\"2560\" data-id=\"1103\" src=\"https:\/\/www.dvorekujanosiku.cz\/wp-content\/uploads\/2025\/11\/IMG_8201-scaled.jpeg\" alt=\"\" class=\"wp-image-1103\" srcset=\"https:\/\/www.dvorekujanosiku.cz\/wp-content\/uploads\/2025\/11\/IMG_8201-scaled.jpeg 1709w, https:\/\/www.dvorekujanosiku.cz\/wp-content\/uploads\/2025\/11\/IMG_8201-200x300.jpeg 200w, https:\/\/www.dvorekujanosiku.cz\/wp-content\/uploads\/2025\/11\/IMG_8201-684x1024.jpeg 684w, https:\/\/www.dvorekujanosiku.cz\/wp-content\/uploads\/2025\/11\/IMG_8201-768x1150.jpeg 768w, https:\/\/www.dvorekujanosiku.cz\/wp-content\/uploads\/2025\/11\/IMG_8201-1025x1536.jpeg 1025w, https:\/\/www.dvorekujanosiku.cz\/wp-content\/uploads\/2025\/11\/IMG_8201-1367x2048.jpeg 1367w\" sizes=\"auto, (max-width: 1709px) 100vw, 1709px\" \/><\/figure>\n\n\n\n<figure class=\"wp-block-image size-large\"><img loading=\"lazy\" decoding=\"async\" width=\"684\" height=\"1024\" data-id=\"1145\" src=\"https:\/\/www.dvorekujanosiku.cz\/wp-content\/uploads\/2026\/01\/IMG_1101-684x1024.jpeg\" alt=\"\" class=\"wp-image-1145\" srcset=\"https:\/\/www.dvorekujanosiku.cz\/wp-content\/uploads\/2026\/01\/IMG_1101-684x1024.jpeg 684w, https:\/\/www.dvorekujanosiku.cz\/wp-content\/uploads\/2026\/01\/IMG_1101-200x300.jpeg 200w, https:\/\/www.dvorekujanosiku.cz\/wp-content\/uploads\/2026\/01\/IMG_1101-768x1151.jpeg 768w, https:\/\/www.dvorekujanosiku.cz\/wp-content\/uploads\/2026\/01\/IMG_1101.jpeg 801w\" sizes=\"auto, (max-width: 684px) 100vw, 684px\" \/><\/figure>\n\n\n\n<figure class=\"wp-block-image size-large\"><img loading=\"lazy\" decoding=\"async\" width=\"684\" height=\"1024\" data-id=\"1147\" src=\"https:\/\/www.dvorekujanosiku.cz\/wp-content\/uploads\/2026\/01\/IMG_5163-684x1024.png\" alt=\"\" class=\"wp-image-1147\" srcset=\"https:\/\/www.dvorekujanosiku.cz\/wp-content\/uploads\/2026\/01\/IMG_5163-684x1024.png 684w, https:\/\/www.dvorekujanosiku.cz\/wp-content\/uploads\/2026\/01\/IMG_5163-200x300.png 200w, https:\/\/www.dvorekujanosiku.cz\/wp-content\/uploads\/2026\/01\/IMG_5163-768x1151.png 768w, https:\/\/www.dvorekujanosiku.cz\/wp-content\/uploads\/2026\/01\/IMG_5163.png 801w\" sizes=\"auto, (max-width: 684px) 100vw, 684px\" \/><\/figure>\n\n\n\n<figure class=\"wp-block-image size-full\"><img loading=\"lazy\" decoding=\"async\" width=\"2560\" height=\"2560\" data-id=\"942\" src=\"https:\/\/www.dvorekujanosiku.cz\/wp-content\/uploads\/2024\/09\/A12E8215-F980-449B-9230-0543E3D89582-scaled.jpeg\" alt=\"\" class=\"wp-image-942\" srcset=\"https:\/\/www.dvorekujanosiku.cz\/wp-content\/uploads\/2024\/09\/A12E8215-F980-449B-9230-0543E3D89582-scaled.jpeg 2560w, https:\/\/www.dvorekujanosiku.cz\/wp-content\/uploads\/2024\/09\/A12E8215-F980-449B-9230-0543E3D89582-300x300.jpeg 300w, https:\/\/www.dvorekujanosiku.cz\/wp-content\/uploads\/2024\/09\/A12E8215-F980-449B-9230-0543E3D89582-1024x1024.jpeg 1024w, https:\/\/www.dvorekujanosiku.cz\/wp-content\/uploads\/2024\/09\/A12E8215-F980-449B-9230-0543E3D89582-150x150.jpeg 150w, https:\/\/www.dvorekujanosiku.cz\/wp-content\/uploads\/2024\/09\/A12E8215-F980-449B-9230-0543E3D89582-768x768.jpeg 768w, https:\/\/www.dvorekujanosiku.cz\/wp-content\/uploads\/2024\/09\/A12E8215-F980-449B-9230-0543E3D89582-1536x1536.jpeg 1536w, https:\/\/www.dvorekujanosiku.cz\/wp-content\/uploads\/2024\/09\/A12E8215-F980-449B-9230-0543E3D89582-2048x2048.jpeg 2048w\" sizes=\"auto, (max-width: 2560px) 100vw, 2560px\" \/><\/figure>\n\n\n\n<figure class=\"wp-block-image size-large\"><img loading=\"lazy\" decoding=\"async\" width=\"684\" height=\"1024\" data-id=\"1148\" src=\"https:\/\/www.dvorekujanosiku.cz\/wp-content\/uploads\/2026\/01\/IMG_5186-684x1024.png\" alt=\"\" class=\"wp-image-1148\" srcset=\"https:\/\/www.dvorekujanosiku.cz\/wp-content\/uploads\/2026\/01\/IMG_5186-684x1024.png 684w, https:\/\/www.dvorekujanosiku.cz\/wp-content\/uploads\/2026\/01\/IMG_5186-200x300.png 200w, https:\/\/www.dvorekujanosiku.cz\/wp-content\/uploads\/2026\/01\/IMG_5186-768x1151.png 768w, https:\/\/www.dvorekujanosiku.cz\/wp-content\/uploads\/2026\/01\/IMG_5186.png 801w\" sizes=\"auto, (max-width: 684px) 100vw, 684px\" \/><\/figure>\n\n\n\n<figure class=\"wp-block-image size-full\"><img loading=\"lazy\" decoding=\"async\" width=\"801\" height=\"1200\" data-id=\"1100\" src=\"https:\/\/www.dvorekujanosiku.cz\/wp-content\/uploads\/2025\/11\/IMG_7063.png\" alt=\"\" class=\"wp-image-1100\" srcset=\"https:\/\/www.dvorekujanosiku.cz\/wp-content\/uploads\/2025\/11\/IMG_7063.png 801w, https:\/\/www.dvorekujanosiku.cz\/wp-content\/uploads\/2025\/11\/IMG_7063-200x300.png 200w, https:\/\/www.dvorekujanosiku.cz\/wp-content\/uploads\/2025\/11\/IMG_7063-684x1024.png 684w, https:\/\/www.dvorekujanosiku.cz\/wp-content\/uploads\/2025\/11\/IMG_7063-768x1151.png 768w\" sizes=\"auto, (max-width: 801px) 100vw, 801px\" \/><\/figure>\n\n\n\n<figure class=\"wp-block-image size-large\"><img loading=\"lazy\" decoding=\"async\" width=\"684\" height=\"1024\" data-id=\"944\" src=\"https:\/\/www.dvorekujanosiku.cz\/wp-content\/uploads\/2024\/09\/IMG_7145-684x1024.png\" alt=\"\" class=\"wp-image-944\" srcset=\"https:\/\/www.dvorekujanosiku.cz\/wp-content\/uploads\/2024\/09\/IMG_7145-684x1024.png 684w, https:\/\/www.dvorekujanosiku.cz\/wp-content\/uploads\/2024\/09\/IMG_7145-200x300.png 200w, https:\/\/www.dvorekujanosiku.cz\/wp-content\/uploads\/2024\/09\/IMG_7145-768x1151.png 768w, https:\/\/www.dvorekujanosiku.cz\/wp-content\/uploads\/2024\/09\/IMG_7145.png 801w\" sizes=\"auto, (max-width: 684px) 100vw, 684px\" \/><\/figure>\n\n\n\n<figure class=\"wp-block-image size-large\"><img loading=\"lazy\" decoding=\"async\" width=\"768\" height=\"1024\" data-id=\"1149\" src=\"https:\/\/www.dvorekujanosiku.cz\/wp-content\/uploads\/2026\/01\/IMG_4388-768x1024.jpeg\" alt=\"\" class=\"wp-image-1149\" srcset=\"https:\/\/www.dvorekujanosiku.cz\/wp-content\/uploads\/2026\/01\/IMG_4388-768x1024.jpeg 768w, https:\/\/www.dvorekujanosiku.cz\/wp-content\/uploads\/2026\/01\/IMG_4388-225x300.jpeg 225w, https:\/\/www.dvorekujanosiku.cz\/wp-content\/uploads\/2026\/01\/IMG_4388-1152x1536.jpeg 1152w, https:\/\/www.dvorekujanosiku.cz\/wp-content\/uploads\/2026\/01\/IMG_4388-1536x2048.jpeg 1536w, https:\/\/www.dvorekujanosiku.cz\/wp-content\/uploads\/2026\/01\/IMG_4388-scaled.jpeg 1920w\" sizes=\"auto, (max-width: 768px) 100vw, 768px\" \/><\/figure>\n\n\n\n<figure class=\"wp-block-image size-large\"><img loading=\"lazy\" decoding=\"async\" width=\"684\" height=\"1024\" data-id=\"1152\" src=\"https:\/\/www.dvorekujanosiku.cz\/wp-content\/uploads\/2026\/01\/IMG_5323-684x1024.png\" alt=\"\" class=\"wp-image-1152\" srcset=\"https:\/\/www.dvorekujanosiku.cz\/wp-content\/uploads\/2026\/01\/IMG_5323-684x1024.png 684w, https:\/\/www.dvorekujanosiku.cz\/wp-content\/uploads\/2026\/01\/IMG_5323-200x300.png 200w, https:\/\/www.dvorekujanosiku.cz\/wp-content\/uploads\/2026\/01\/IMG_5323-768x1151.png 768w, https:\/\/www.dvorekujanosiku.cz\/wp-content\/uploads\/2026\/01\/IMG_5323.png 801w\" sizes=\"auto, (max-width: 684px) 100vw, 684px\" \/><\/figure>\n\n\n\n<figure class=\"wp-block-image size-large\"><img loading=\"lazy\" decoding=\"async\" width=\"1024\" height=\"683\" data-id=\"947\" src=\"https:\/\/www.dvorekujanosiku.cz\/wp-content\/uploads\/2024\/09\/IMG_7141-1024x683.jpeg\" alt=\"\" class=\"wp-image-947\" srcset=\"https:\/\/www.dvorekujanosiku.cz\/wp-content\/uploads\/2024\/09\/IMG_7141-1024x683.jpeg 1024w, https:\/\/www.dvorekujanosiku.cz\/wp-content\/uploads\/2024\/09\/IMG_7141-300x200.jpeg 300w, https:\/\/www.dvorekujanosiku.cz\/wp-content\/uploads\/2024\/09\/IMG_7141-768x513.jpeg 768w, https:\/\/www.dvorekujanosiku.cz\/wp-content\/uploads\/2024\/09\/IMG_7141-1536x1025.jpeg 1536w, https:\/\/www.dvorekujanosiku.cz\/wp-content\/uploads\/2024\/09\/IMG_7141-930x620.jpeg 930w, https:\/\/www.dvorekujanosiku.cz\/wp-content\/uploads\/2024\/09\/IMG_7141.jpeg 1798w\" sizes=\"auto, (max-width: 1024px) 100vw, 1024px\" \/><\/figure>\n\n\n\n<figure class=\"wp-block-image size-large\"><img loading=\"lazy\" decoding=\"async\" width=\"684\" height=\"1024\" data-id=\"946\" src=\"https:\/\/www.dvorekujanosiku.cz\/wp-content\/uploads\/2024\/09\/IMG_7158-684x1024.png\" alt=\"\" class=\"wp-image-946\" srcset=\"https:\/\/www.dvorekujanosiku.cz\/wp-content\/uploads\/2024\/09\/IMG_7158-684x1024.png 684w, https:\/\/www.dvorekujanosiku.cz\/wp-content\/uploads\/2024\/09\/IMG_7158-200x300.png 200w, https:\/\/www.dvorekujanosiku.cz\/wp-content\/uploads\/2024\/09\/IMG_7158-768x1151.png 768w, https:\/\/www.dvorekujanosiku.cz\/wp-content\/uploads\/2024\/09\/IMG_7158.png 801w\" sizes=\"auto, (max-width: 684px) 100vw, 684px\" \/><\/figure>\n\n\n\n<figure class=\"wp-block-image size-full\"><img loading=\"lazy\" decoding=\"async\" width=\"801\" height=\"1200\" data-id=\"1153\" src=\"https:\/\/www.dvorekujanosiku.cz\/wp-content\/uploads\/2026\/01\/IMG_7110.png\" alt=\"\" class=\"wp-image-1153\" srcset=\"https:\/\/www.dvorekujanosiku.cz\/wp-content\/uploads\/2026\/01\/IMG_7110.png 801w, https:\/\/www.dvorekujanosiku.cz\/wp-content\/uploads\/2026\/01\/IMG_7110-200x300.png 200w, https:\/\/www.dvorekujanosiku.cz\/wp-content\/uploads\/2026\/01\/IMG_7110-684x1024.png 684w, https:\/\/www.dvorekujanosiku.cz\/wp-content\/uploads\/2026\/01\/IMG_7110-768x1151.png 768w\" sizes=\"auto, (max-width: 801px) 100vw, 801px\" \/><\/figure>\n<\/figure>\n<\/div><\/div>\n\n\n\n<div class=\"wp-block-cover alignfull\" style=\"min-height:300px;aspect-ratio:unset;\"><span aria-hidden=\"true\" class=\"wp-block-cover__background has-nv-dark-bg-background-color has-background-dim-100 has-background-dim\"><\/span><div class=\"wp-block-cover__inner-container is-layout-flow wp-block-cover-is-layout-flow\">\n<div style=\"height:140px\" aria-hidden=\"true\" class=\"wp-block-spacer\"><\/div>\n\n\n\n<h2 class=\"wp-block-heading has-text-align-center has-nv-text-dark-bg-color has-text-color\">T\u011b\u0161\u00edme se na v\u00e1s!<\/h2>\n\n\n\n<p class=\"has-text-align-center has-medium-font-size\">Dal\u0161\u00ed akce na na\u0161em otev\u0159en\u00e9m dvorku naleznete zde.<\/p>\n\n\n\n<div class=\"wp-block-buttons is-content-justification-center is-layout-flex wp-container-core-buttons-is-layout-16018d1d wp-block-buttons-is-layout-flex\">\n<div class=\"wp-block-button is-style-primary\"><a class=\"wp-block-button__link wp-element-button\" href=\"https:\/\/www.dvorekujanosiku.cz\/?page_id=125\">Akce na Dvorku<\/a><\/div>\n<\/div>\n\n\n\n<div style=\"height:140px\" aria-hidden=\"true\" class=\"wp-block-spacer\"><\/div>\n<\/div><\/div>\n\n\n\n<figure class=\"wp-block-image size-full\"><img loading=\"lazy\" decoding=\"async\" width=\"801\" height=\"1200\" src=\"https:\/\/www.dvorekujanosiku.cz\/wp-content\/uploads\/2026\/01\/IMG_5289.png\" alt=\"\" class=\"wp-image-1155\" srcset=\"https:\/\/www.dvorekujanosiku.cz\/wp-content\/uploads\/2026\/01\/IMG_5289.png 801w, https:\/\/www.dvorekujanosiku.cz\/wp-content\/uploads\/2026\/01\/IMG_5289-200x300.png 200w, https:\/\/www.dvorekujanosiku.cz\/wp-content\/uploads\/2026\/01\/IMG_5289-684x1024.png 684w, https:\/\/www.dvorekujanosiku.cz\/wp-content\/uploads\/2026\/01\/IMG_5289-768x1151.png 768w\" sizes=\"auto, (max-width: 801px) 100vw, 801px\" \/><\/figure>\n","protected":false},"excerpt":{"rendered":"","protected":false},"author":1,"featured_media":0,"parent":0,"menu_order":0,"comment_status":"closed","ping_status":"closed","template":"","meta":{"neve_meta_sidebar":"","neve_meta_container":"","neve_meta_enable_content_width":"on","neve_meta_content_width":100,"neve_meta_title_alignment":"","neve_meta_author_avatar":"","neve_post_elements_order":"","neve_meta_disable_header":"","neve_meta_disable_footer":"","neve_meta_disable_title":"on","_ti_tpc_template_sync":false,"_ti_tpc_template_id":"","footnotes":""},"class_list":["post-20","page","type-page","status-publish","hentry"],"_links":{"self":[{"href":"https:\/\/www.dvorekujanosiku.cz\/index.php?rest_route=\/wp\/v2\/pages\/20","targetHints":{"allow":["GET"]}}],"collection":[{"href":"https:\/\/www.dvorekujanosiku.cz\/index.php?rest_route=\/wp\/v2\/pages"}],"about":[{"href":"https:\/\/www.dvorekujanosiku.cz\/index.php?rest_route=\/wp\/v2\/types\/page"}],"author":[{"embeddable":true,"href":"https:\/\/www.dvorekujanosiku.cz\/index.php?rest_route=\/wp\/v2\/users\/1"}],"replies":[{"embeddable":true,"href":"https:\/\/www.dvorekujanosiku.cz\/index.php?rest_route=%2Fwp%2Fv2%2Fcomments&post=20"}],"version-history":[{"count":17,"href":"https:\/\/www.dvorekujanosiku.cz\/index.php?rest_route=\/wp\/v2\/pages\/20\/revisions"}],"predecessor-version":[{"id":1157,"href":"https:\/\/www.dvorekujanosiku.cz\/index.php?rest_route=\/wp\/v2\/pages\/20\/revisions\/1157"}],"wp:attachment":[{"href":"https:\/\/www.dvorekujanosiku.cz\/index.php?rest_route=%2Fwp%2Fv2%2Fmedia&parent=20"}],"curies":[{"name":"wp","href":"https:\/\/api.w.org\/{rel}","templated":true}]}}