{"id":125,"date":"2022-03-16T23:50:59","date_gmt":"2022-03-16T23:50:59","guid":{"rendered":"https:\/\/www.dvorekujanosiku.cz\/?page_id=125"},"modified":"2026-04-30T20:10:28","modified_gmt":"2026-04-30T20:10:28","slug":"akce-na-dvorku","status":"publish","type":"page","link":"https:\/\/www.dvorekujanosiku.cz\/?page_id=125","title":{"rendered":"Akce, kter\u00e9 n\u00e1s \u010dekaj\u00ed"},"content":{"rendered":"\n<figure class=\"wp-block-gallery has-nested-images columns-default is-cropped wp-block-gallery-1 is-layout-flex wp-block-gallery-is-layout-flex\">\n<figure class=\"wp-block-image size-large\"><img loading=\"lazy\" decoding=\"async\" width=\"819\" height=\"1024\" data-id=\"1187\" src=\"https:\/\/www.dvorekujanosiku.cz\/wp-content\/uploads\/2026\/04\/A4-Prispevek-na-Instagramu-4-5-1-819x1024.png\" alt=\"\" class=\"wp-image-1187\" srcset=\"https:\/\/www.dvorekujanosiku.cz\/wp-content\/uploads\/2026\/04\/A4-Prispevek-na-Instagramu-4-5-1-819x1024.png 819w, https:\/\/www.dvorekujanosiku.cz\/wp-content\/uploads\/2026\/04\/A4-Prispevek-na-Instagramu-4-5-1-240x300.png 240w, https:\/\/www.dvorekujanosiku.cz\/wp-content\/uploads\/2026\/04\/A4-Prispevek-na-Instagramu-4-5-1-768x960.png 768w, https:\/\/www.dvorekujanosiku.cz\/wp-content\/uploads\/2026\/04\/A4-Prispevek-na-Instagramu-4-5-1.png 1080w\" sizes=\"auto, (max-width: 819px) 100vw, 819px\" \/><\/figure>\n<\/figure>\n\n\n\n<p>&nbsp;OTEV\u0158EN\u00dd DVOREK \u2013 KV\u011aTEN \ud83c\udf3f<\/p>\n\n\n\n<p>P\u0159ij\u010fte si u\u017e\u00edt pohodovou atmosf\u00e9ru na n\u00e1\u0161 dvorek do Nehvizd \ud83c\udf77<\/p>\n\n\n\n<p>\u010cek\u00e1 v\u00e1s:<br>\u2728 degustace moravsk\u00fdch vina\u0159\u016f<br>\ud83e\udd56 \u010derstv\u00e9 pe\u010divo p\u0159\u00edmo z pece<br>\ud83c\udf56 dobroty z ud\u00edrny<br>\ud83c\udf72 poctiv\u00e9 j\u00eddlo<br>\ud83c\udf77 skv\u011bl\u00e9 v\u00edno a je\u0161t\u011b lep\u0161\u00ed n\u00e1lada<\/p>\n\n\n\n<p>Vezm\u011bte p\u0159\u00e1tele, rodinu nebo jen dobrou n\u00e1ladu a dorazte si odpo\u010dinout, posed\u011bt a ochutnat to nejlep\u0161\u00ed z Moravy \u2764\ufe0f<\/p>\n\n\n\n<p>\ud83d\udccd Vinohradsk\u00e1 200, Nehvizdy<br>\ud83d\udcc5 <\/p>\n\n\n\n<p><\/p>\n\n\n\n<p><\/p>\n\n\n\n<figure class=\"wp-block-gallery has-nested-images columns-default is-cropped wp-block-gallery-2 is-layout-flex wp-block-gallery-is-layout-flex\"><\/figure>\n\n\n\n<figure class=\"wp-block-gallery has-nested-images columns-default is-cropped wp-block-gallery-3 is-layout-flex wp-block-gallery-is-layout-flex\"><\/figure>\n","protected":false},"excerpt":{"rendered":"<p>&nbsp;OTEV\u0158EN\u00dd DVOREK \u2013 KV\u011aTEN \ud83c\udf3f P\u0159ij\u010fte si u\u017e\u00edt pohodovou atmosf\u00e9ru na n\u00e1\u0161 dvorek do Nehvizd \ud83c\udf77 \u010cek\u00e1 v\u00e1s:\u2728 degustace moravsk\u00fdch vina\u0159\u016f\ud83e\udd56 \u010derstv\u00e9 pe\u010divo p\u0159\u00edmo z pece\ud83c\udf56 dobroty z ud\u00edrny\ud83c\udf72 poctiv\u00e9 j\u00eddlo\ud83c\udf77 skv\u011bl\u00e9 v\u00edno a je\u0161t\u011b lep\u0161\u00ed n\u00e1lada Vezm\u011bte p\u0159\u00e1tele, rodinu nebo jen dobrou n\u00e1ladu a dorazte si odpo\u010dinout, posed\u011bt a ochutnat to nejlep\u0161\u00ed z Moravy&hellip;&nbsp;<a href=\"https:\/\/www.dvorekujanosiku.cz\/?page_id=125\" class=\"\" rel=\"bookmark\">\u010c\u00edst d\u00e1le &raquo;<span class=\"screen-reader-text\">Akce, kter\u00e9 n\u00e1s \u010dekaj\u00ed<\/span><\/a><\/p>\n","protected":false},"author":1,"featured_media":0,"parent":0,"menu_order":0,"comment_status":"closed","ping_status":"closed","template":"","meta":{"neve_meta_sidebar":"","neve_meta_container":"","neve_meta_enable_content_width":"","neve_meta_content_width":0,"neve_meta_title_alignment":"","neve_meta_author_avatar":"","neve_post_elements_order":"","neve_meta_disable_header":"","neve_meta_disable_footer":"","neve_meta_disable_title":"","_ti_tpc_template_sync":false,"_ti_tpc_template_id":"","footnotes":""},"class_list":["post-125","page","type-page","status-publish","hentry"],"_links":{"self":[{"href":"https:\/\/www.dvorekujanosiku.cz\/index.php?rest_route=\/wp\/v2\/pages\/125","targetHints":{"allow":["GET"]}}],"collection":[{"href":"https:\/\/www.dvorekujanosiku.cz\/index.php?rest_route=\/wp\/v2\/pages"}],"about":[{"href":"https:\/\/www.dvorekujanosiku.cz\/index.php?rest_route=\/wp\/v2\/types\/page"}],"author":[{"embeddable":true,"href":"https:\/\/www.dvorekujanosiku.cz\/index.php?rest_route=\/wp\/v2\/users\/1"}],"replies":[{"embeddable":true,"href":"https:\/\/www.dvorekujanosiku.cz\/index.php?rest_route=%2Fwp%2Fv2%2Fcomments&post=125"}],"version-history":[{"count":187,"href":"https:\/\/www.dvorekujanosiku.cz\/index.php?rest_route=\/wp\/v2\/pages\/125\/revisions"}],"predecessor-version":[{"id":1191,"href":"https:\/\/www.dvorekujanosiku.cz\/index.php?rest_route=\/wp\/v2\/pages\/125\/revisions\/1191"}],"wp:attachment":[{"href":"https:\/\/www.dvorekujanosiku.cz\/index.php?rest_route=%2Fwp%2Fv2%2Fmedia&parent=125"}],"curies":[{"name":"wp","href":"https:\/\/api.w.org\/{rel}","templated":true}]}}